{"id":1291,"date":"2021-07-01T10:11:42","date_gmt":"2021-07-01T08:11:42","guid":{"rendered":"https:\/\/www.hotelgaleazzi.it\/?page_id=1291"},"modified":"2022-03-11T11:57:40","modified_gmt":"2022-03-11T10:57:40","slug":"location","status":"publish","type":"page","link":"https:\/\/www.hotelgaleazzi.it\/de\/location\/","title":{"rendered":"LAGE"},"content":{"rendered":"<section class=\"l-section wpb_row height_medium\"><div class=\"l-section-h i-cf\"><div class=\"g-cols vc_row via_flex valign_top type_default stacking_default\"><div class=\"vc_col-sm-12 wpb_column vc_column_container us_animate_afb\"><div class=\"vc_column-inner\"><div class=\"wpb_wrapper\"><div class=\"wpb_text_column us_custom_0a7bf73c\"><div class=\"wpb_wrapper\"><p>Lage<\/p>\n<\/div><\/div><div class=\"wpb_text_column\"><div class=\"wpb_wrapper\"><h2><span class=\"giallo\"> Entfernungen <\/span> vom Hotel Galeazzi<\/h2>\n<\/div><\/div><div class=\"wpb_text_column\"><div class=\"wpb_wrapper\"><p><strong> Nur 5 km vom Hotel entfernt, <\/strong> in der Gemeinde Toscolano Maderno, besteht die M\u00f6glichkeit, mit Autos, Motorr\u00e4dern und Fahrr\u00e4dern die NaviGarda-F\u00e4hren zu nutzen, um die K\u00fcste an der Seite von Verona und ihre bekanntesten Zentren (Torri del Benaco, Malcesine mit Panoramabahn des Monte Baldo, Garda, Bardolino, Lazise.) zu erreichen.<\/p>\n<\/div><\/div><div class=\"w-separator size_large\"><\/div><div class=\"g-cols wpb_row us_custom_4dea4be4 via_flex valign_top type_default stacking_default\"><div class=\"vc_col-sm-4 wpb_column vc_column_container\"><div class=\"vc_column-inner us_custom_240f2e03\"><div class=\"wpb_wrapper\"><div class=\"wpb_text_column\"><div class=\"wpb_wrapper\"><p>Rimbalzello Adventure a 50 mt.<br \/>\nRimbalzello Village a 100 mt.<br \/>\nGiardino Botanico Fond. Heller a 1 Km<br \/>\nTorre di San Marco a 1,5 Km<br \/>\nVittoriale degli Italiani a 2 Km<br \/>\nMuseo Del Divino Infante a 2 km<br \/>\nMuSa Museo di Sal\u00f2 a 2,5 Km<br \/>\nLimone ciclopedonale del Garda a 30 km<br \/>\nTerme di Sirmione a 30 km<\/p>\n<\/div><\/div><\/div><\/div><\/div><div class=\"vc_col-sm-8 wpb_column vc_column_container\"><div class=\"vc_column-inner us_custom_b67815c4\"><div class=\"wpb_wrapper\"><div class=\"wpb_text_column\"><div class=\"wpb_wrapper\"><p>Hafen von Barbarano a 150 mt. (wo es m\u00f6glich ist, Motorboote mit Fahrer zu mieten)<br \/>\nAnlegestelle f\u00fcr Navigarda-Boote im Hafen von Gardone Riviera a 500 mt.<br \/>\nBushaltestelle Barbarano a 100 mt.<br \/>\nLungolago di Gardone a 250 mt.<br \/>\nLungolago di Sal\u00f2 a 1,5 Km<br \/>\nToscolano Maderno a 5 Km<br \/>\nGargnano a 13 Km<br \/>\nCasello Autostrada A4 Desenzano a 25 Km<\/p>\n<\/div><\/div><\/div><\/div><\/div><\/div><\/div><\/div><\/div><\/div><\/div><\/section><section class=\"l-section wpb_row height_auto\"><div class=\"l-section-h i-cf\"><div class=\"g-cols vc_row via_flex valign_top type_default stacking_default\"><div class=\"vc_col-sm-12 wpb_column vc_column_container us_animate_afr\"><div class=\"vc_column-inner us_custom_8401d3f2\"><div class=\"wpb_wrapper\"><div class=\"w-image align_right\"><div class=\"w-image-h\"><img decoding=\"async\" width=\"1450\" height=\"834\" src=\"https:\/\/www.hotelgaleazzi.it\/wp-content\/uploads\/2021\/06\/mappa.svg\" class=\"attachment-us_1920_1080_crop size-us_1920_1080_crop\" alt=\"\" loading=\"lazy\" \/><\/div><\/div><div class=\"w-separator size_large\"><\/div><\/div><\/div><\/div><\/div><\/div><\/section><section class=\"l-section wpb_row us_custom_62399e63 desktop height_auto width_full\"><div class=\"l-section-h i-cf\"><div class=\"g-cols vc_row via_flex valign_top type_default stacking_default\"><div class=\"vc_col-sm-8 wpb_column vc_column_container has_bg_color\"><div class=\"vc_column-inner us_custom_d168b528\"><div class=\"wpb_wrapper\"><\/div><\/div><\/div><div class=\"vc_col-sm-4 wpb_column vc_column_container\"><div class=\"vc_column-inner\"><div class=\"wpb_wrapper\"><\/div><\/div><\/div><\/div><\/div><\/section><section class=\"l-section wpb_row height_medium full_height valign_top with_img\"><div class=\"l-section-img\" role=\"img\" aria-label=\"Bild\" data-img-width=\"1920\" data-img-height=\"1280\" style=\"background-image: url(https:\/\/www.hotelgaleazzi.it\/wp-content\/uploads\/2021\/06\/lido.jpg);background-repeat: no-repeat;\"><\/div><div class=\"l-section-overlay\" style=\"background:linear-gradient(180deg,rgba(255,255,255,0.00),#ffffff)\"><\/div><div class=\"l-section-h i-cf\"><div class=\"g-cols vc_row via_flex valign_top type_default stacking_default\"><div class=\"vc_col-sm-12 wpb_column vc_column_container\"><div class=\"vc_column-inner\"><div class=\"wpb_wrapper\"><div class=\"g-cols wpb_row via_flex valign_top type_boxes stacking_default\"><div class=\"vc_col-sm-6 wpb_column vc_column_container has_bg_color us_animate_afb\"><div class=\"vc_column-inner us_custom_eebe431c\"><div class=\"wpb_wrapper\"><div class=\"wpb_text_column us_custom_0a7bf73c\"><div class=\"wpb_wrapper\"><p>ausgestatteter Strand<\/p>\n<\/div><\/div><div class=\"wpb_text_column us_custom_f5ba6b28\"><div class=\"wpb_wrapper\"><p><span class=\"giallo\">Rimbalzello<\/span> Village<\/p>\n<\/div><\/div><div class=\"wpb_text_column us_custom_432d3f53\"><div class=\"wpb_wrapper\"><p>Wei\u00dfer und feiner Sand, der auf die Blaut\u00f6ne des Gardasees trifft. Genie\u00dfen Sie die Sch\u00f6nheit und Ruhe des Ufers, indem Sie den Swimmingpool und das Bistro nutzen. Innerhalb der Einrichtung gibt es auch Tennispl\u00e4tze, Fu\u00dfballpl\u00e4tze, Schwimmbad, Sommercamp f\u00fcr Kinder mit englischer Sprache (Muttersprachler), die M\u00f6glichkeit des Schwimmunterrichts und einen Bereich f\u00fcr Stand-Up-Paddling-Unterricht (SUP &#8211; Stehpaddeln).<br \/>\n<strong> 10 % Rabatt im Restaurant und f\u00fcr den Strandservice (Sonnenschirme und Sonnenliegen). <\/strong><\/p>\n<\/div><\/div><div class=\"wpb_text_column us_custom_012652b3\"><div class=\"wpb_wrapper\"><p>NUR 100 METER VOM HOTEL ENTFERNT<\/p>\n<\/div><\/div><\/div><\/div><\/div><div class=\"vc_col-sm-6 wpb_column vc_column_container\"><div class=\"vc_column-inner\"><div class=\"wpb_wrapper\"><\/div><\/div><\/div><\/div><\/div><\/div><\/div><\/div><\/div><\/section><section class=\"l-section wpb_row height_medium full_height valign_top with_img\"><div class=\"l-section-img\" role=\"img\" aria-label=\"Bild\" data-img-width=\"1620\" data-img-height=\"1080\" style=\"background-image: url(https:\/\/www.hotelgaleazzi.it\/wp-content\/uploads\/2021\/06\/Vittoriale_teatro.jpg);background-repeat: no-repeat;\"><\/div><div class=\"l-section-overlay\" style=\"background:linear-gradient(360deg,rgba(255,255,255,0),#ffffff)\"><\/div><div class=\"l-section-h i-cf\"><div class=\"g-cols vc_row via_flex valign_top type_default stacking_default\"><div class=\"vc_col-sm-12 wpb_column vc_column_container\"><div class=\"vc_column-inner\"><div class=\"wpb_wrapper\"><div class=\"g-cols wpb_row via_flex valign_top type_boxes stacking_default\"><div class=\"vc_col-sm-6 wpb_column vc_column_container\"><div class=\"vc_column-inner\"><div class=\"wpb_wrapper\"><\/div><\/div><\/div><div class=\"vc_col-sm-6 wpb_column vc_column_container has_bg_color us_animate_afb\"><div class=\"vc_column-inner us_custom_eebe431c\"><div class=\"wpb_wrapper\"><div class=\"wpb_text_column us_custom_0a7bf73c\"><div class=\"wpb_wrapper\"><p>gabriele d\u2019annunzio<\/p>\n<\/div><\/div><div class=\"wpb_text_column us_custom_f5ba6b28\"><div class=\"wpb_wrapper\"><p><span class=\"giallo\">Vittoriale<\/span> degli Italiani<\/p>\n<\/div><\/div><div class=\"wpb_text_column us_custom_432d3f53\"><div class=\"wpb_wrapper\"><p>Das Vittoriale degli Italiani ist eine Einrichtung bestehend aus Geb\u00e4uden, Stra\u00dfen, Pl\u00e4tzen, einem Freilufttheater, G\u00e4rten und Wasserstra\u00dfen, die seit 1921 in<strong> Gardone Riviera<\/strong> von <strong>Gabriele d&#8217;Annunzio<\/strong> mit Hilfe des Architekten Gian Carlo Maroni am Ufer des Gardasees errichtet wurde, zum Gedenken an das \u201eunnachahmliche Leben\u201d des Dichter-Soldaten und die Heldentaten der Italiener w\u00e4hrend des Ersten Weltkriegs.<\/p>\n<\/div><\/div><div class=\"wpb_text_column us_custom_012652b3\"><div class=\"wpb_wrapper\"><p>NUR 2 KM VOM HOTEL ENTFERNT<\/p>\n<\/div><\/div><\/div><\/div><\/div><\/div><\/div><\/div><\/div><\/div><\/div><\/section><section class=\"l-section wpb_row height_small\"><div class=\"l-section-h i-cf\"><div class=\"g-cols vc_row via_flex valign_top type_default stacking_default\"><div class=\"vc_col-sm-12 wpb_column vc_column_container us_animate_afb\"><div class=\"vc_column-inner\"><div class=\"wpb_wrapper\"><div class=\"w-separator size_medium\"><\/div><div class=\"wpb_text_column us_custom_bd4b8c5c\"><div class=\"wpb_wrapper\"><p>Urlaub am Gardasee<\/p>\n<\/div><\/div><div class=\"wpb_text_column us_custom_eb849559\"><div class=\"wpb_wrapper\"><h2>Entdecken <span class=\"giallo\"> Sie den Gardasee <\/span><\/h2>\n<\/div><\/div><\/div><\/div><\/div><\/div><\/div><\/section><section class=\"l-section wpb_row height_small\"><div class=\"l-section-h i-cf\"><div class=\"g-cols vc_row via_flex valign_top type_boxes stacking_default\" style=\"--additional-gap:30px;\"><div class=\"vc_col-sm-6 wpb_column vc_column_container has_bg_color us_animate_afl\"><div class=\"vc_column-inner us_custom_babb0759\"><div class=\"wpb_wrapper\"><div class=\"w-image align_none\"><div class=\"w-image-h\"><img decoding=\"async\" width=\"1280\" height=\"900\" src=\"https:\/\/www.hotelgaleazzi.it\/wp-content\/uploads\/2021\/06\/gardaland-1280x900.jpg\" class=\"attachment-us_1280_900_crop size-us_1280_900_crop\" alt=\"\" loading=\"lazy\" \/><\/div><\/div><div class=\"w-separator size_small\"><\/div><div class=\"wpb_text_column\"><div class=\"wpb_wrapper\"><h4>Gardaland und die Garda-Parks<\/h4>\n<\/div><\/div><div class=\"wpb_text_column\"><div class=\"wpb_wrapper\"><p>Der Gardasee bietet unz\u00e4hlige Vergn\u00fcgungsparks im Zeichen von Natur und Unterhaltung.<br \/>\nNachstehend werden die Entfernungen vom Hotel aufgef\u00fchrt.<\/p>\n<\/div><\/div><div class=\"wpb_text_column us_custom_c4855297\"><div class=\"wpb_wrapper\"><p><i class=\"fal fa-info-circle\"><\/i> Gardaland &#8211; 45 Km<br \/>\n<i class=\"fal fa-info-circle\"><\/i> Natura Viva Park &#8211; 50 Km<br \/>\n<i class=\"fal fa-info-circle\"><\/i> Sigurt\u00e0 Park &#8211; 50 Km<\/p>\n<\/div><\/div><\/div><\/div><\/div><div class=\"vc_col-sm-6 wpb_column vc_column_container has_bg_color us_animate_afr\"><div class=\"vc_column-inner us_custom_babb0759\"><div class=\"wpb_wrapper\"><div class=\"w-image align_none\"><div class=\"w-image-h\"><img decoding=\"async\" width=\"1280\" height=\"900\" src=\"https:\/\/www.hotelgaleazzi.it\/wp-content\/uploads\/2021\/06\/Golf-Toscolano-Maderno-1280x900.jpg\" class=\"attachment-us_1280_900_crop size-us_1280_900_crop\" alt=\"\" loading=\"lazy\" \/><\/div><\/div><div class=\"w-separator size_small\"><\/div><div class=\"wpb_text_column\"><div class=\"wpb_wrapper\"><h4>Die Golfclubs<\/h4>\n<\/div><\/div><div class=\"wpb_text_column\"><div class=\"wpb_wrapper\"><p>F\u00fcr Golfbegeisterte bietet der Gardasee verschiedene Clubs und ausgestattete Pl\u00e4tze.<br \/>\nNachstehend werden die Entfernungen vom Hotel aufgef\u00fchrt.<\/p>\n<\/div><\/div><div class=\"wpb_text_column us_custom_c4855297\"><div class=\"wpb_wrapper\"><p><i class=\"fal fa-info-circle\"><\/i> Bogliaco Golf &#8211; 11 Km<br \/>\n<i class=\"fal fa-info-circle\"><\/i> Gardagolf Country Club &#8211; 14 Km<br \/>\n<i class=\"fal fa-info-circle\"><\/i> Arzaga Golf Club &#8211; 20 Km<\/p>\n<\/div><\/div><\/div><\/div><\/div><\/div><\/div><\/section><section class=\"l-section wpb_row height_medium\"><div class=\"l-section-h i-cf\"><div class=\"g-cols vc_row via_flex valign_top type_default stacking_default\"><div class=\"vc_col-sm-4 wpb_column vc_column_container\"><div class=\"vc_column-inner\"><div class=\"wpb_wrapper\"><div class=\"w-image i300 align_center\"><a target=\"_blank\" rel=\"nofollow\" href=\"https:\/\/tickets-tours.com\/activities\/?partnerId=45338bfc-ea2d-4758-b0b9-2b7290e40aa6\" aria-label=\"TicketsTourslogo-01-01\" class=\"w-image-h\"><img decoding=\"async\" width=\"2899\" height=\"1186\" src=\"https:\/\/www.hotelgaleazzi.it\/wp-content\/uploads\/2021\/08\/TicketsTourslogo-01-01.png\" class=\"attachment-full size-full\" alt=\"\" loading=\"lazy\" srcset=\"https:\/\/www.hotelgaleazzi.it\/wp-content\/uploads\/2021\/08\/TicketsTourslogo-01-01.png 2899w, https:\/\/www.hotelgaleazzi.it\/wp-content\/uploads\/2021\/08\/TicketsTourslogo-01-01-300x123.png 300w, https:\/\/www.hotelgaleazzi.it\/wp-content\/uploads\/2021\/08\/TicketsTourslogo-01-01-1024x419.png 1024w\" sizes=\"auto, (max-width: 2899px) 100vw, 2899px\" \/><\/a><\/div><\/div><\/div><\/div><div class=\"vc_col-sm-8 wpb_column vc_column_container\"><div class=\"vc_column-inner\"><div class=\"wpb_wrapper\"><div class=\"wpb_text_column\"><div class=\"wpb_wrapper\"><p>Holli bietet eine gro\u00dfe Auswahl an Rabatttickets und die besten Touren in Ihrer N\u00e4he \u2013 viele davon mit g\u00fcnstigen Rabatten. G\u00f6nnen Sie Ihrer Familie fantastische Bootstouren, die Attraktionen der aufregenden Themenparks oder viele andere fantastische Erlebnisse. Scrollen Sie einfach durch die vielen Angebote von Holli und kaufen Sie Tickets jederzeit und \u00fcberall \u2013 direkt auf Ihrem Smartphone.<\/p>\n<\/div><\/div><div class=\"w-btn-wrapper align_none\"><a class=\"w-btn us-btn-style_1\" target=\"_blank\" rel=\"nofollow\" href=\"https:\/\/tickets-tours.com\/it\/home\/?partnerId=45338bfc-ea2d-4758-b0b9-2b7290e40aa6\"><span class=\"w-btn-label\">Tickets Tour<\/span><\/a><\/div><\/div><\/div><\/div><\/div><\/div><\/section>\n","protected":false},"excerpt":{"rendered":"Lage Entfernungen vom Hotel Galeazzi Nur 5 km vom Hotel entfernt, in der Gemeinde Toscolano Maderno, besteht die M\u00f6glichkeit, mit Autos, Motorr\u00e4dern und Fahrr\u00e4dern die NaviGarda-F\u00e4hren zu nutzen, um die K\u00fcste an der Seite von Verona und ihre bekanntesten Zentren (Torri del Benaco, Malcesine mit Panoramabahn des Monte Baldo, Garda, Bardolino, Lazise.) zu erreichen. Rimbalzello...","protected":false},"author":1,"featured_media":0,"parent":0,"menu_order":0,"comment_status":"closed","ping_status":"closed","template":"","meta":{"_acf_changed":false,"inline_featured_image":false,"footnotes":""},"class_list":["post-1291","page","type-page","status-publish","hentry"],"acf":[],"yoast_head":"<!-- This site is optimized with the Yoast SEO plugin v27.6 - https:\/\/yoast.com\/product\/yoast-seo-wordpress\/ -->\n<title>LAGE - Hotel Galeazzi<\/title>\n<meta name=\"robots\" content=\"index, follow, max-snippet:-1, max-image-preview:large, max-video-preview:-1\" \/>\n<link rel=\"canonical\" href=\"https:\/\/www.hotelgaleazzi.it\/de\/location\/\" \/>\n<meta property=\"og:locale\" content=\"de_DE\" \/>\n<meta property=\"og:type\" content=\"article\" \/>\n<meta property=\"og:title\" content=\"LAGE - Hotel Galeazzi\" \/>\n<meta property=\"og:url\" content=\"https:\/\/www.hotelgaleazzi.it\/de\/location\/\" \/>\n<meta property=\"og:site_name\" content=\"Hotel Galeazzi\" \/>\n<meta property=\"article:publisher\" content=\"https:\/\/www.facebook.com\/Hotel-Galeazzi-105094198457384\" \/>\n<meta property=\"article:modified_time\" content=\"2022-03-11T10:57:40+00:00\" \/>\n<meta name=\"twitter:card\" content=\"summary_large_image\" \/>\n<meta name=\"twitter:label1\" content=\"Gesch\u00e4tzte Lesezeit\" \/>\n\t<meta name=\"twitter:data1\" content=\"3\u00a0Minuten\" \/>\n<script type=\"application\/ld+json\" class=\"yoast-schema-graph\">{\"@context\":\"https:\\\/\\\/schema.org\",\"@graph\":[{\"@type\":\"WebPage\",\"@id\":\"https:\\\/\\\/www.hotelgaleazzi.it\\\/de\\\/location\\\/\",\"url\":\"https:\\\/\\\/www.hotelgaleazzi.it\\\/de\\\/location\\\/\",\"name\":\"LAGE - Hotel Galeazzi\",\"isPartOf\":{\"@id\":\"https:\\\/\\\/www.hotelgaleazzi.it\\\/de\\\/#website\"},\"datePublished\":\"2021-07-01T08:11:42+00:00\",\"dateModified\":\"2022-03-11T10:57:40+00:00\",\"breadcrumb\":{\"@id\":\"https:\\\/\\\/www.hotelgaleazzi.it\\\/de\\\/location\\\/#breadcrumb\"},\"inLanguage\":\"de\",\"potentialAction\":[{\"@type\":\"ReadAction\",\"target\":[\"https:\\\/\\\/www.hotelgaleazzi.it\\\/de\\\/location\\\/\"]}]},{\"@type\":\"BreadcrumbList\",\"@id\":\"https:\\\/\\\/www.hotelgaleazzi.it\\\/de\\\/location\\\/#breadcrumb\",\"itemListElement\":[{\"@type\":\"ListItem\",\"position\":1,\"name\":\"Home\",\"item\":\"https:\\\/\\\/www.hotelgaleazzi.it\\\/de\\\/\"},{\"@type\":\"ListItem\",\"position\":2,\"name\":\"LAGE\"}]},{\"@type\":\"WebSite\",\"@id\":\"https:\\\/\\\/www.hotelgaleazzi.it\\\/de\\\/#website\",\"url\":\"https:\\\/\\\/www.hotelgaleazzi.it\\\/de\\\/\",\"name\":\"Hotel Galeazzi\",\"description\":\"Hotel Galeazzi\",\"publisher\":{\"@id\":\"https:\\\/\\\/www.hotelgaleazzi.it\\\/de\\\/#organization\"},\"potentialAction\":[{\"@type\":\"SearchAction\",\"target\":{\"@type\":\"EntryPoint\",\"urlTemplate\":\"https:\\\/\\\/www.hotelgaleazzi.it\\\/de\\\/?s={search_term_string}\"},\"query-input\":{\"@type\":\"PropertyValueSpecification\",\"valueRequired\":true,\"valueName\":\"search_term_string\"}}],\"inLanguage\":\"de\"},{\"@type\":\"Organization\",\"@id\":\"https:\\\/\\\/www.hotelgaleazzi.it\\\/de\\\/#organization\",\"name\":\"Hotel Galeazzi - Sal\u00f2 Lago di Garda\",\"url\":\"https:\\\/\\\/www.hotelgaleazzi.it\\\/de\\\/\",\"logo\":{\"@type\":\"ImageObject\",\"inLanguage\":\"de\",\"@id\":\"https:\\\/\\\/www.hotelgaleazzi.it\\\/de\\\/#\\\/schema\\\/logo\\\/image\\\/\",\"url\":\"http:\\\/\\\/www.hotelgaleazzi.it\\\/wp-content\\\/uploads\\\/2021\\\/06\\\/load-galeazzi-02.jpg\",\"contentUrl\":\"http:\\\/\\\/www.hotelgaleazzi.it\\\/wp-content\\\/uploads\\\/2021\\\/06\\\/load-galeazzi-02.jpg\",\"width\":663,\"height\":662,\"caption\":\"Hotel Galeazzi - Sal\u00f2 Lago di Garda\"},\"image\":{\"@id\":\"https:\\\/\\\/www.hotelgaleazzi.it\\\/de\\\/#\\\/schema\\\/logo\\\/image\\\/\"},\"sameAs\":[\"https:\\\/\\\/www.facebook.com\\\/Hotel-Galeazzi-105094198457384\",\"https:\\\/\\\/www.instagram.com\\\/hotel_galeazzi\"]}]}<\/script>\n<!-- \/ Yoast SEO plugin. -->","yoast_head_json":{"title":"LAGE - Hotel Galeazzi","robots":{"index":"index","follow":"follow","max-snippet":"max-snippet:-1","max-image-preview":"max-image-preview:large","max-video-preview":"max-video-preview:-1"},"canonical":"https:\/\/www.hotelgaleazzi.it\/de\/location\/","og_locale":"de_DE","og_type":"article","og_title":"LAGE - Hotel Galeazzi","og_url":"https:\/\/www.hotelgaleazzi.it\/de\/location\/","og_site_name":"Hotel Galeazzi","article_publisher":"https:\/\/www.facebook.com\/Hotel-Galeazzi-105094198457384","article_modified_time":"2022-03-11T10:57:40+00:00","twitter_card":"summary_large_image","twitter_misc":{"Gesch\u00e4tzte Lesezeit":"3\u00a0Minuten"},"schema":{"@context":"https:\/\/schema.org","@graph":[{"@type":"WebPage","@id":"https:\/\/www.hotelgaleazzi.it\/de\/location\/","url":"https:\/\/www.hotelgaleazzi.it\/de\/location\/","name":"LAGE - Hotel Galeazzi","isPartOf":{"@id":"https:\/\/www.hotelgaleazzi.it\/de\/#website"},"datePublished":"2021-07-01T08:11:42+00:00","dateModified":"2022-03-11T10:57:40+00:00","breadcrumb":{"@id":"https:\/\/www.hotelgaleazzi.it\/de\/location\/#breadcrumb"},"inLanguage":"de","potentialAction":[{"@type":"ReadAction","target":["https:\/\/www.hotelgaleazzi.it\/de\/location\/"]}]},{"@type":"BreadcrumbList","@id":"https:\/\/www.hotelgaleazzi.it\/de\/location\/#breadcrumb","itemListElement":[{"@type":"ListItem","position":1,"name":"Home","item":"https:\/\/www.hotelgaleazzi.it\/de\/"},{"@type":"ListItem","position":2,"name":"LAGE"}]},{"@type":"WebSite","@id":"https:\/\/www.hotelgaleazzi.it\/de\/#website","url":"https:\/\/www.hotelgaleazzi.it\/de\/","name":"Hotel Galeazzi","description":"Hotel Galeazzi","publisher":{"@id":"https:\/\/www.hotelgaleazzi.it\/de\/#organization"},"potentialAction":[{"@type":"SearchAction","target":{"@type":"EntryPoint","urlTemplate":"https:\/\/www.hotelgaleazzi.it\/de\/?s={search_term_string}"},"query-input":{"@type":"PropertyValueSpecification","valueRequired":true,"valueName":"search_term_string"}}],"inLanguage":"de"},{"@type":"Organization","@id":"https:\/\/www.hotelgaleazzi.it\/de\/#organization","name":"Hotel Galeazzi - Sal\u00f2 Lago di Garda","url":"https:\/\/www.hotelgaleazzi.it\/de\/","logo":{"@type":"ImageObject","inLanguage":"de","@id":"https:\/\/www.hotelgaleazzi.it\/de\/#\/schema\/logo\/image\/","url":"http:\/\/www.hotelgaleazzi.it\/wp-content\/uploads\/2021\/06\/load-galeazzi-02.jpg","contentUrl":"http:\/\/www.hotelgaleazzi.it\/wp-content\/uploads\/2021\/06\/load-galeazzi-02.jpg","width":663,"height":662,"caption":"Hotel Galeazzi - Sal\u00f2 Lago di Garda"},"image":{"@id":"https:\/\/www.hotelgaleazzi.it\/de\/#\/schema\/logo\/image\/"},"sameAs":["https:\/\/www.facebook.com\/Hotel-Galeazzi-105094198457384","https:\/\/www.instagram.com\/hotel_galeazzi"]}]}},"_links":{"self":[{"href":"https:\/\/www.hotelgaleazzi.it\/de\/wp-json\/wp\/v2\/pages\/1291","targetHints":{"allow":["GET"]}}],"collection":[{"href":"https:\/\/www.hotelgaleazzi.it\/de\/wp-json\/wp\/v2\/pages"}],"about":[{"href":"https:\/\/www.hotelgaleazzi.it\/de\/wp-json\/wp\/v2\/types\/page"}],"author":[{"embeddable":true,"href":"https:\/\/www.hotelgaleazzi.it\/de\/wp-json\/wp\/v2\/users\/1"}],"replies":[{"embeddable":true,"href":"https:\/\/www.hotelgaleazzi.it\/de\/wp-json\/wp\/v2\/comments?post=1291"}],"version-history":[{"count":8,"href":"https:\/\/www.hotelgaleazzi.it\/de\/wp-json\/wp\/v2\/pages\/1291\/revisions"}],"predecessor-version":[{"id":1682,"href":"https:\/\/www.hotelgaleazzi.it\/de\/wp-json\/wp\/v2\/pages\/1291\/revisions\/1682"}],"wp:attachment":[{"href":"https:\/\/www.hotelgaleazzi.it\/de\/wp-json\/wp\/v2\/media?parent=1291"}],"curies":[{"name":"wp","href":"https:\/\/api.w.org\/{rel}","templated":true}]}}