{"id":1284,"date":"2021-07-01T09:54:20","date_gmt":"2021-07-01T07:54:20","guid":{"rendered":"https:\/\/www.hotelgaleazzi.it\/?page_id=1284"},"modified":"2024-03-06T16:25:02","modified_gmt":"2024-03-06T15:25:02","slug":"angebot","status":"publish","type":"page","link":"https:\/\/www.hotelgaleazzi.it\/de\/angebot\/","title":{"rendered":"Angebot"},"content":{"rendered":"<section class=\"l-section wpb_row height_huge with_img parallax_ver\"><div class=\"l-section-img\" role=\"img\" aria-label=\"Hotel Galeazzi - Hotel 4 stelle con piscina a Sal\u00f2 | Lago di Garda\" data-img-width=\"1920\" data-img-height=\"1280\" style=\"background-image: url(https:\/\/www.hotelgaleazzi.it\/wp-content\/uploads\/2021\/06\/IMG_8283.jpg);background-repeat: no-repeat;\"><\/div><div class=\"l-section-overlay\" style=\"background:linear-gradient(180deg,rgba(255,255,255,0.00),rgba(16,45,74,0.20))\"><\/div><div class=\"l-section-h i-cf\"><div class=\"g-cols vc_row via_flex valign_top type_default stacking_default\"><div class=\"vc_col-sm-12 wpb_column vc_column_container\"><div class=\"vc_column-inner\"><div class=\"wpb_wrapper\"><div class=\"w-image i200 desktop align_center us_animate_afb\" style=\"animation-delay:0.5s\"><div class=\"w-image-h\"><img decoding=\"async\" width=\"198\" height=\"155\" src=\"https:\/\/www.hotelgaleazzi.it\/wp-content\/uploads\/2021\/06\/marchio-bianco.svg\" class=\"attachment-full size-full\" alt=\"Hotel Galeazzi - Hotel 4 stelle con piscina a Sal\u00f2 | Lago di Garda\" loading=\"lazy\" \/><\/div><\/div><div class=\"w-image us_custom_2dbf7b3f i100 mobile align_center\"><div class=\"w-image-h\"><img decoding=\"async\" width=\"198\" height=\"155\" src=\"https:\/\/www.hotelgaleazzi.it\/wp-content\/uploads\/2021\/06\/marchio-bianco.svg\" class=\"attachment-full size-full\" alt=\"Hotel Galeazzi - Hotel 4 stelle con piscina a Sal\u00f2 | Lago di Garda\" loading=\"lazy\" \/><\/div><\/div><div class=\"wpb_text_column us_custom_7f0db87d has_text_color\"><div class=\"wpb_wrapper\"><p>Unsere Angebote<\/p>\n<\/div><\/div><\/div><\/div><\/div><\/div><\/div><\/section><section class=\"l-section wpb_row height_large\"><div class=\"l-section-h i-cf\"><div class=\"g-cols vc_row via_flex valign_top type_default stacking_default\"><div class=\"vc_col-sm-12 wpb_column vc_column_container\"><div class=\"vc_column-inner\"><div class=\"wpb_wrapper\"><div class=\"w-grid us_grid type_grid layout_1428 cols_2 pagination_ajax overflow_hidden preload_style_spinner\" id=\"us_grid_1\" style=\"--columns:2;--gap:1.5rem;\" data-filterable=\"true\"><style>@media (max-width:600px){#us_grid_1{--columns:1!important}}.layout_1428 .w-grid-item-h{background:var(--color-content-bg);color:var(--color-content-text);border-radius:0.3rem;box-shadow:0 0.04rem 0.08rem rgba(0,0,0,0.1),0 0.13rem 0.4rem rgba(0,0,0,0.1);transition-duration:0.3s}.no-touch .layout_1428 .w-grid-item-h:hover{box-shadow:0 0.1rem 0.2rem rgba(0,0,0,0.1),0 0.33rem 1rem rgba(0,0,0,0.15);z-index:4}.layout_1428 .usg_post_title_1{font-weight:700!important;font-size:1.8rem!important}.layout_1428 .usg_vwrapper_1{padding:9% 11% 11% 11%!important}.layout_1428 .usg_post_taxonomy_1{font-weight:700!important;text-transform:uppercase!important;font-size:10px!important;position:absolute!important;top:1.2rem!important;right:1.2rem!important;left:1.2rem!important}.layout_1428 .usg_post_content_1{min-height:120px!important}.layout_1428 .usg_post_custom_field_1{color:var(--color-header-middle-text-hover)!important;font-weight:400!important;font-size:14px!important}@media (max-width:600px){.layout_1428 .usg_post_title_1{font-size:1.2rem!important}}<\/style><div class=\"w-grid-list\">\t<article class=\"w-grid-item size_1x1 post-1280 post type-post status-publish format-standard has-post-thumbnail hentry category-angebote\" data-id=\"1280\">\r\n\t\t<div class=\"w-grid-item-h\">\r\n\t\t\t\t\t\t\t<a href=\"https:\/\/www.hotelgaleazzi.it\/de\/direktreservierung\/\" class=\"w-grid-item-anchor\" aria-label=\"Direktreservierung\"><\/a>\r\n\t\t\t\t\t\t<div class=\"w-post-elm post_image usg_post_image_1 stretched\"><img loading=\"lazy\" decoding=\"async\" width=\"1280\" height=\"900\" src=\"https:\/\/www.hotelgaleazzi.it\/wp-content\/uploads\/2021\/06\/OND00049-1280x900.jpg\" class=\"attachment-us_1280_900_crop size-us_1280_900_crop wp-post-image\" alt=\"\" \/><\/div><div class=\"w-post-elm post_taxonomy usg_post_taxonomy_1 style_badge color_link_inherit\"><button class=\"w-btn us-btn-style_badge term-6 term-angebote\" type=\"button\"><span class=\"w-btn-label\">Angebote<\/span><\/button><\/div><div class=\"w-vwrapper usg_vwrapper_1 align_left valign_top\" style=\"--vwrapper-gap:0.7rem\"><h2 class=\"w-post-elm post_title usg_post_title_1 entry-title color_link_inherit\">Direktreservierung<\/h2><div class=\"w-post-elm post_custom_field usg_post_custom_field_1 has_text_color type_text validita_offerta color_link_inherit\"><i class=\"fas fa-calendar-alt\"><\/i><span class=\"w-post-elm-value\"> Angebot ganzj\u00e4hrig g\u00fcltig<\/span><\/div><div class=\"w-post-elm post_content usg_post_content_1\"><p>Buchen Sie hier, es ist von Vorteil!<br \/>\nErhalten Sie den besten Preis f\u00fcr Ihren unvergesslichen Urlaub am Gardasee.<\/p>\n<\/div><button class=\"w-btn us-btn-style_1 usg_btn_1 icon_atright\" tabindex=\"-1\" type=\"button\"><span class=\"w-btn-label\">Zum Angebot gehen<\/span><i class=\"fal fa-long-arrow-right\"><\/i><\/button><\/div>\t\t<\/div>\r\n\t\t\t<\/article>\r\n<\/div>\t<div class=\"w-grid-preloader\">\r\n\t\t<div class=\"g-preloader type_1\">\r\n\t\t\t<div><\/div>\r\n\t\t<\/div>\r\n\t<\/div>\r\n\t\t<div class=\"w-grid-json hidden\" onclick='return {&quot;action&quot;:&quot;us_ajax_grid&quot;,&quot;infinite_scroll&quot;:0,&quot;max_num_pages&quot;:1,&quot;pagination&quot;:&quot;ajax&quot;,&quot;template_vars&quot;:{&quot;columns&quot;:&quot;2&quot;,&quot;exclude_items&quot;:&quot;none&quot;,&quot;img_size&quot;:&quot;default&quot;,&quot;ignore_items_size&quot;:0,&quot;items_layout&quot;:&quot;1428&quot;,&quot;items_offset&quot;:&quot;1&quot;,&quot;load_animation&quot;:&quot;none&quot;,&quot;overriding_link&quot;:&quot;%7B%22type%22%3A%22post%22%7D&quot;,&quot;post_id&quot;:0,&quot;query_args&quot;:{&quot;post_type&quot;:[&quot;post&quot;],&quot;post_status&quot;:[&quot;publish&quot;,&quot;acf-disabled&quot;,&quot;mapped&quot;,&quot;needs_update&quot;],&quot;posts_per_page&quot;:&quot;100&quot;},&quot;orderby_query_args&quot;:{&quot;orderby&quot;:{&quot;date&quot;:&quot;DESC&quot;}},&quot;type&quot;:&quot;grid&quot;,&quot;us_grid_post_type&quot;:&quot;post&quot;,&quot;us_grid_ajax_index&quot;:1,&quot;us_grid_filter_query_string&quot;:null,&quot;us_grid_index&quot;:1,&quot;page_args&quot;:[],&quot;lang&quot;:&quot;de&quot;}}'><\/div>\r\n\t<\/div><\/div><\/div><\/div><\/div><\/div><\/section><section class=\"l-section wpb_row height_medium full_height valign_center with_img\"><div class=\"l-section-img\" role=\"img\" aria-label=\"Bild\" data-img-width=\"1920\" data-img-height=\"1280\" style=\"background-image: url(https:\/\/www.hotelgaleazzi.it\/wp-content\/uploads\/2021\/06\/lido.jpg);background-repeat: no-repeat;\"><\/div><div class=\"l-section-h i-cf\"><div class=\"g-cols vc_row via_flex valign_top type_default stacking_default\"><div class=\"vc_col-sm-12 wpb_column vc_column_container\"><div class=\"vc_column-inner\"><div class=\"wpb_wrapper\"><div class=\"g-cols wpb_row via_flex valign_top type_boxes stacking_default\"><div class=\"vc_col-sm-6 wpb_column vc_column_container has_bg_color us_animate_afb\"><div class=\"vc_column-inner us_custom_eebe431c\"><div class=\"wpb_wrapper\"><div class=\"wpb_text_column us_custom_f5ba6b28\"><div class=\"wpb_wrapper\"><p><span class=\"giallo\"> Rimbalzello <\/span> Village<br \/>\n10% Rabatt<\/p>\n<\/div><\/div><div class=\"wpb_text_column us_custom_a7715b29\"><div class=\"wpb_wrapper\"><p class=\"p1\">NUR 100 METER VOM HOTEL ENTFERNT<\/p>\n<\/div><\/div><div class=\"wpb_text_column\"><div class=\"wpb_wrapper\"><p>Wei\u00dfer und feiner Sand, der auf die Blaut\u00f6ne des Gardasees trifft. Genie\u00dfen Sie die Sch\u00f6nheit und Ruhe des Ufers, indem Sie den Swimmingpool und das Bistro nutzen. <strong> Rabatt im Restaurant.<\/strong><\/p>\n<\/div><\/div><\/div><\/div><\/div><div class=\"vc_col-sm-6 wpb_column vc_column_container\"><div class=\"vc_column-inner\"><div class=\"wpb_wrapper\"><\/div><\/div><\/div><\/div><\/div><\/div><\/div><\/div><\/div><\/section>\n","protected":false},"excerpt":{"rendered":"Buchen Sie hier, es ist von Vorteil! Erhalten Sie den besten Preis f\u00fcr Ihren unvergesslichen Urlaub am Gardasee. Bedingungen des Angebots Bestpreisgarantie online Zahlung beim Check-out Garda Promotions Card inbegriffen (Erm\u00e4\u00dfigungen und erm\u00e4\u00dfigte Behandlungen in Kultur- und Freizeitzentren des Gardasees).","protected":false},"author":1,"featured_media":0,"parent":0,"menu_order":0,"comment_status":"closed","ping_status":"closed","template":"","meta":{"_acf_changed":false,"inline_featured_image":false,"footnotes":""},"class_list":["post-1284","page","type-page","status-publish","hentry"],"acf":[],"yoast_head":"<!-- This site is optimized with the Yoast SEO plugin v27.6 - https:\/\/yoast.com\/product\/yoast-seo-wordpress\/ -->\n<title>Angebot - Hotel Galeazzi<\/title>\n<meta name=\"robots\" content=\"index, follow, max-snippet:-1, max-image-preview:large, max-video-preview:-1\" \/>\n<link rel=\"canonical\" href=\"https:\/\/www.hotelgaleazzi.it\/de\/angebot\/\" \/>\n<meta property=\"og:locale\" content=\"de_DE\" \/>\n<meta property=\"og:type\" content=\"article\" \/>\n<meta property=\"og:title\" content=\"Angebot - Hotel Galeazzi\" \/>\n<meta property=\"og:url\" content=\"https:\/\/www.hotelgaleazzi.it\/de\/angebot\/\" \/>\n<meta property=\"og:site_name\" content=\"Hotel Galeazzi\" \/>\n<meta property=\"article:publisher\" content=\"https:\/\/www.facebook.com\/Hotel-Galeazzi-105094198457384\" \/>\n<meta property=\"article:modified_time\" content=\"2024-03-06T15:25:02+00:00\" \/>\n<meta name=\"twitter:card\" content=\"summary_large_image\" \/>\n<meta name=\"twitter:label1\" content=\"Gesch\u00e4tzte Lesezeit\" \/>\n\t<meta name=\"twitter:data1\" content=\"1\u00a0Minute\" \/>\n<script type=\"application\/ld+json\" class=\"yoast-schema-graph\">{\"@context\":\"https:\\\/\\\/schema.org\",\"@graph\":[{\"@type\":\"WebPage\",\"@id\":\"https:\\\/\\\/www.hotelgaleazzi.it\\\/de\\\/angebot\\\/\",\"url\":\"https:\\\/\\\/www.hotelgaleazzi.it\\\/de\\\/angebot\\\/\",\"name\":\"Angebot - Hotel Galeazzi\",\"isPartOf\":{\"@id\":\"https:\\\/\\\/www.hotelgaleazzi.it\\\/de\\\/#website\"},\"datePublished\":\"2021-07-01T07:54:20+00:00\",\"dateModified\":\"2024-03-06T15:25:02+00:00\",\"breadcrumb\":{\"@id\":\"https:\\\/\\\/www.hotelgaleazzi.it\\\/de\\\/angebot\\\/#breadcrumb\"},\"inLanguage\":\"de\",\"potentialAction\":[{\"@type\":\"ReadAction\",\"target\":[\"https:\\\/\\\/www.hotelgaleazzi.it\\\/de\\\/angebot\\\/\"]}]},{\"@type\":\"BreadcrumbList\",\"@id\":\"https:\\\/\\\/www.hotelgaleazzi.it\\\/de\\\/angebot\\\/#breadcrumb\",\"itemListElement\":[{\"@type\":\"ListItem\",\"position\":1,\"name\":\"Home\",\"item\":\"https:\\\/\\\/www.hotelgaleazzi.it\\\/de\\\/\"},{\"@type\":\"ListItem\",\"position\":2,\"name\":\"Angebot\"}]},{\"@type\":\"WebSite\",\"@id\":\"https:\\\/\\\/www.hotelgaleazzi.it\\\/de\\\/#website\",\"url\":\"https:\\\/\\\/www.hotelgaleazzi.it\\\/de\\\/\",\"name\":\"Hotel Galeazzi\",\"description\":\"Hotel Galeazzi\",\"publisher\":{\"@id\":\"https:\\\/\\\/www.hotelgaleazzi.it\\\/de\\\/#organization\"},\"potentialAction\":[{\"@type\":\"SearchAction\",\"target\":{\"@type\":\"EntryPoint\",\"urlTemplate\":\"https:\\\/\\\/www.hotelgaleazzi.it\\\/de\\\/?s={search_term_string}\"},\"query-input\":{\"@type\":\"PropertyValueSpecification\",\"valueRequired\":true,\"valueName\":\"search_term_string\"}}],\"inLanguage\":\"de\"},{\"@type\":\"Organization\",\"@id\":\"https:\\\/\\\/www.hotelgaleazzi.it\\\/de\\\/#organization\",\"name\":\"Hotel Galeazzi - Sal\u00f2 Lago di Garda\",\"url\":\"https:\\\/\\\/www.hotelgaleazzi.it\\\/de\\\/\",\"logo\":{\"@type\":\"ImageObject\",\"inLanguage\":\"de\",\"@id\":\"https:\\\/\\\/www.hotelgaleazzi.it\\\/de\\\/#\\\/schema\\\/logo\\\/image\\\/\",\"url\":\"http:\\\/\\\/www.hotelgaleazzi.it\\\/wp-content\\\/uploads\\\/2021\\\/06\\\/load-galeazzi-02.jpg\",\"contentUrl\":\"http:\\\/\\\/www.hotelgaleazzi.it\\\/wp-content\\\/uploads\\\/2021\\\/06\\\/load-galeazzi-02.jpg\",\"width\":663,\"height\":662,\"caption\":\"Hotel Galeazzi - Sal\u00f2 Lago di Garda\"},\"image\":{\"@id\":\"https:\\\/\\\/www.hotelgaleazzi.it\\\/de\\\/#\\\/schema\\\/logo\\\/image\\\/\"},\"sameAs\":[\"https:\\\/\\\/www.facebook.com\\\/Hotel-Galeazzi-105094198457384\",\"https:\\\/\\\/www.instagram.com\\\/hotel_galeazzi\"]}]}<\/script>\n<!-- \/ Yoast SEO plugin. -->","yoast_head_json":{"title":"Angebot - Hotel Galeazzi","robots":{"index":"index","follow":"follow","max-snippet":"max-snippet:-1","max-image-preview":"max-image-preview:large","max-video-preview":"max-video-preview:-1"},"canonical":"https:\/\/www.hotelgaleazzi.it\/de\/angebot\/","og_locale":"de_DE","og_type":"article","og_title":"Angebot - Hotel Galeazzi","og_url":"https:\/\/www.hotelgaleazzi.it\/de\/angebot\/","og_site_name":"Hotel Galeazzi","article_publisher":"https:\/\/www.facebook.com\/Hotel-Galeazzi-105094198457384","article_modified_time":"2024-03-06T15:25:02+00:00","twitter_card":"summary_large_image","twitter_misc":{"Gesch\u00e4tzte Lesezeit":"1\u00a0Minute"},"schema":{"@context":"https:\/\/schema.org","@graph":[{"@type":"WebPage","@id":"https:\/\/www.hotelgaleazzi.it\/de\/angebot\/","url":"https:\/\/www.hotelgaleazzi.it\/de\/angebot\/","name":"Angebot - Hotel Galeazzi","isPartOf":{"@id":"https:\/\/www.hotelgaleazzi.it\/de\/#website"},"datePublished":"2021-07-01T07:54:20+00:00","dateModified":"2024-03-06T15:25:02+00:00","breadcrumb":{"@id":"https:\/\/www.hotelgaleazzi.it\/de\/angebot\/#breadcrumb"},"inLanguage":"de","potentialAction":[{"@type":"ReadAction","target":["https:\/\/www.hotelgaleazzi.it\/de\/angebot\/"]}]},{"@type":"BreadcrumbList","@id":"https:\/\/www.hotelgaleazzi.it\/de\/angebot\/#breadcrumb","itemListElement":[{"@type":"ListItem","position":1,"name":"Home","item":"https:\/\/www.hotelgaleazzi.it\/de\/"},{"@type":"ListItem","position":2,"name":"Angebot"}]},{"@type":"WebSite","@id":"https:\/\/www.hotelgaleazzi.it\/de\/#website","url":"https:\/\/www.hotelgaleazzi.it\/de\/","name":"Hotel Galeazzi","description":"Hotel Galeazzi","publisher":{"@id":"https:\/\/www.hotelgaleazzi.it\/de\/#organization"},"potentialAction":[{"@type":"SearchAction","target":{"@type":"EntryPoint","urlTemplate":"https:\/\/www.hotelgaleazzi.it\/de\/?s={search_term_string}"},"query-input":{"@type":"PropertyValueSpecification","valueRequired":true,"valueName":"search_term_string"}}],"inLanguage":"de"},{"@type":"Organization","@id":"https:\/\/www.hotelgaleazzi.it\/de\/#organization","name":"Hotel Galeazzi - Sal\u00f2 Lago di Garda","url":"https:\/\/www.hotelgaleazzi.it\/de\/","logo":{"@type":"ImageObject","inLanguage":"de","@id":"https:\/\/www.hotelgaleazzi.it\/de\/#\/schema\/logo\/image\/","url":"http:\/\/www.hotelgaleazzi.it\/wp-content\/uploads\/2021\/06\/load-galeazzi-02.jpg","contentUrl":"http:\/\/www.hotelgaleazzi.it\/wp-content\/uploads\/2021\/06\/load-galeazzi-02.jpg","width":663,"height":662,"caption":"Hotel Galeazzi - Sal\u00f2 Lago di Garda"},"image":{"@id":"https:\/\/www.hotelgaleazzi.it\/de\/#\/schema\/logo\/image\/"},"sameAs":["https:\/\/www.facebook.com\/Hotel-Galeazzi-105094198457384","https:\/\/www.instagram.com\/hotel_galeazzi"]}]}},"_links":{"self":[{"href":"https:\/\/www.hotelgaleazzi.it\/de\/wp-json\/wp\/v2\/pages\/1284","targetHints":{"allow":["GET"]}}],"collection":[{"href":"https:\/\/www.hotelgaleazzi.it\/de\/wp-json\/wp\/v2\/pages"}],"about":[{"href":"https:\/\/www.hotelgaleazzi.it\/de\/wp-json\/wp\/v2\/types\/page"}],"author":[{"embeddable":true,"href":"https:\/\/www.hotelgaleazzi.it\/de\/wp-json\/wp\/v2\/users\/1"}],"replies":[{"embeddable":true,"href":"https:\/\/www.hotelgaleazzi.it\/de\/wp-json\/wp\/v2\/comments?post=1284"}],"version-history":[{"count":7,"href":"https:\/\/www.hotelgaleazzi.it\/de\/wp-json\/wp\/v2\/pages\/1284\/revisions"}],"predecessor-version":[{"id":1757,"href":"https:\/\/www.hotelgaleazzi.it\/de\/wp-json\/wp\/v2\/pages\/1284\/revisions\/1757"}],"wp:attachment":[{"href":"https:\/\/www.hotelgaleazzi.it\/de\/wp-json\/wp\/v2\/media?parent=1284"}],"curies":[{"name":"wp","href":"https:\/\/api.w.org\/{rel}","templated":true}]}}